{"id":284,"date":"2011-10-27T20:59:14","date_gmt":"2011-10-27T18:59:14","guid":{"rendered":"http:\/\/localhost\/KWOklant\/contact-2\/"},"modified":"2016-12-12T11:40:22","modified_gmt":"2016-12-12T10:40:22","slug":"kontakt","status":"publish","type":"page","link":"https:\/\/villa-sonnata.nl\/de\/home\/kontakt\/","title":{"rendered":"Kontakt"},"content":{"rendered":"<p><img decoding=\"async\" width=\"1200\" height=\"450\" src=\"http:\/\/www.villa-sonnata.nl\/wp-content\/uploads\/familie-bakker.jpg\" alt=\"familie-bakker\" class=\"aligncenter size-full wp-image-1018\" srcset=\"https:\/\/villa-sonnata.nl\/wp-content\/uploads\/familie-bakker.jpg 1200w, https:\/\/villa-sonnata.nl\/wp-content\/uploads\/familie-bakker-250x94.jpg 250w, https:\/\/villa-sonnata.nl\/wp-content\/uploads\/familie-bakker-700x263.jpg 700w, https:\/\/villa-sonnata.nl\/wp-content\/uploads\/familie-bakker-768x288.jpg 768w, https:\/\/villa-sonnata.nl\/wp-content\/uploads\/familie-bakker-120x45.jpg 120w\" sizes=\"(max-width: 1200px) 100vw, 1200px\" \/><br \/>\n<div class=\"su-row\">\n<div class=\"su-column su-column-size-1-2 left\"><div class=\"su-column-inner su-u-clearfix su-u-trim\">\n<p class=\"ctct\"><i class=\"fa fa-map-marker fa-2x\"><\/i>K\u00f6tschach 653, 9640 K\u00f6tschach, K\u00e4rnten, \u00d6sterreich<\/p>\n<p><a class=\"ctct\" href=\"mailto:info@villa-sonnata.nl\" title=\"Senden Sie uns ein E-Mail!\"><i class=\"fa fa-paper-plane fa-2x\"><\/i>info@villa-sonnata.nl<\/a><\/p>\n<p><a class=\"ctct\" href=\"callto:+31642702239\"><i class=\"fa fa-mobile fa-3x\"><\/i>+31 (0)6 427 022 39<\/a><\/p>\n<p><a class=\"ctct\" href=\"https:\/\/www.facebook.com\/villasonnata\/\" title=\"Besuchen Sie die Ferien Villa Villa Sonnata (K\u00f6tschach, K\u00e4rnten, \u00d6sterreich) Facebookseite\" target=\"_blank\"><i class=\"fa fa-facebook fa-2x\"><\/i>Villa Sonnata (K\u00f6tschach, K\u00e4rnten, \u00d6sterreich)<\/a><\/p>\n<div class=\"su-gmap su-u-responsive-media-yes\"><iframe width=\"400\" height=\"250\" src=\"\/\/maps.google.com\/maps?q=K%C3%B6tschach%20653%2C%20K%C3%B6tschach-Mauthen%2C%20Austria&amp;output=embed\" title=\"\"><\/iframe><\/div>\n<\/div><\/div>\n<div class=\"su-column su-column-size-1-2 right\"><div class=\"su-column-inner su-u-clearfix su-u-trim\">\n<h3>Sie k\u00f6nnen auch das Kontaktformular benutzen.<\/h3>\n\n<div class=\"wpcf7 no-js\" id=\"wpcf7-f289-o1\" lang=\"en-US\" dir=\"ltr\" data-wpcf7-id=\"289\">\n<div class=\"screen-reader-response\"><p role=\"status\" aria-live=\"polite\" aria-atomic=\"true\"><\/p> <ul><\/ul><\/div>\n<form action=\"\/de\/wp-json\/wp\/v2\/pages\/284#wpcf7-f289-o1\" method=\"post\" class=\"wpcf7-form init\" aria-label=\"Contact form\" novalidate=\"novalidate\" data-status=\"init\">\n<fieldset class=\"hidden-fields-container\"><input type=\"hidden\" name=\"_wpcf7\" value=\"289\" \/><input type=\"hidden\" name=\"_wpcf7_version\" value=\"6.1.5\" \/><input type=\"hidden\" name=\"_wpcf7_locale\" value=\"en_US\" \/><input type=\"hidden\" name=\"_wpcf7_unit_tag\" value=\"wpcf7-f289-o1\" \/><input type=\"hidden\" name=\"_wpcf7_container_post\" value=\"0\" \/><input type=\"hidden\" name=\"_wpcf7_posted_data_hash\" value=\"\" \/>\n<\/fieldset>\n<div class=\"wpcf7-turnstile cf-turnstile\" data-sitekey=\"0x4AAAAAAB9FDQ26TpVjJCtr\" data-response-field-name=\"_wpcf7_turnstile_response\"><\/div>\n\n<p>Ihre Name (erforderlich)\n<\/p>\n<p><span class=\"wpcf7-form-control-wrap\" data-name=\"your-name\"><input size=\"100\" maxlength=\"100\" class=\"wpcf7-form-control wpcf7-text wpcf7-validates-as-required\" aria-required=\"true\" aria-invalid=\"false\" value=\"\" type=\"text\" name=\"your-name\" \/><\/span>\n<\/p>\n<p>Ihre E-mail Addresse (erforderlich)\n<\/p>\n<p><span class=\"wpcf7-form-control-wrap\" data-name=\"your-email\"><input size=\"100\" maxlength=\"100\" class=\"wpcf7-form-control wpcf7-email wpcf7-validates-as-required wpcf7-text wpcf7-validates-as-email\" aria-required=\"true\" aria-invalid=\"false\" value=\"\" type=\"email\" name=\"your-email\" \/><\/span>\n<\/p>\n<p>Subjekt\n<\/p>\n<p><span class=\"wpcf7-form-control-wrap\" data-name=\"your-subject\"><input size=\"100\" maxlength=\"100\" class=\"wpcf7-form-control wpcf7-text\" aria-invalid=\"false\" value=\"\" type=\"text\" name=\"your-subject\" \/><\/span>\n<\/p>\n<p>Mitteilung\n<\/p>\n<p><span class=\"wpcf7-form-control-wrap\" data-name=\"your-message\"><textarea cols=\"50\" rows=\"9\" maxlength=\"2000\" class=\"wpcf7-form-control wpcf7-textarea\" aria-invalid=\"false\" name=\"your-message\"><\/textarea><\/span>\n<\/p>\n<p><input class=\"wpcf7-form-control wpcf7-submit has-spinner\" type=\"submit\" value=\"Senden\" \/>\n<\/p><div class=\"wpcf7-response-output\" aria-hidden=\"true\"><\/div>\n<\/form>\n<\/div>\n\n<\/div><\/div>\n<\/div>\n","protected":false},"excerpt":{"rendered":"","protected":false},"author":3,"featured_media":0,"parent":895,"menu_order":0,"comment_status":"closed","ping_status":"closed","template":"","meta":{"_monsterinsights_skip_tracking":false,"_monsterinsights_sitenote_active":false,"_monsterinsights_sitenote_note":"","_monsterinsights_sitenote_category":0,"_glsr_average":0,"_glsr_ranking":0,"_glsr_reviews":0,"footnotes":""},"class_list":["post-284","page","type-page","status-publish","hentry"],"yoast_head":"<!-- This site is optimized with the Yoast SEO plugin v27.3 - https:\/\/yoast.com\/product\/yoast-seo-wordpress\/ -->\n<title>Kontakt - Villa Mondschein - Mieten Sie Ihre Ferien Villa in K\u00e4rnten<\/title>\n<meta name=\"description\" content=\"Kontakt Information - telefon oder email uns, oder brauchen Sie das Webformular. Miete Ihre Ferien Villa in K\u00e4rnten\" \/>\n<meta name=\"robots\" content=\"noindex, nofollow\" \/>\n<meta property=\"og:locale\" content=\"de_DE\" \/>\n<meta property=\"og:type\" content=\"article\" \/>\n<meta property=\"og:title\" content=\"Kontakt - Villa Mondschein - Mieten Sie Ihre Ferien Villa in K\u00e4rnten\" \/>\n<meta property=\"og:description\" content=\"Kontakt Information - telefon oder email uns, oder brauchen Sie das Webformular. Miete Ihre Ferien Villa in K\u00e4rnten\" \/>\n<meta property=\"og:url\" content=\"https:\/\/villa-sonnata.nl\/de\/home\/kontakt\/\" \/>\n<meta property=\"og:site_name\" content=\"Villa Mondschein\" \/>\n<meta property=\"article:modified_time\" content=\"2016-12-12T10:40:22+00:00\" \/>\n<meta property=\"og:image\" content=\"http:\/\/www.villa-sonnata.nl\/wp-content\/uploads\/familie-bakker.jpg\" \/>\n<script type=\"application\/ld+json\" class=\"yoast-schema-graph\">{\"@context\":\"https:\\\/\\\/schema.org\",\"@graph\":[{\"@type\":\"WebPage\",\"@id\":\"https:\\\/\\\/villa-sonnata.nl\\\/de\\\/home\\\/kontakt\\\/\",\"url\":\"https:\\\/\\\/villa-sonnata.nl\\\/de\\\/home\\\/kontakt\\\/\",\"name\":\"Kontakt - Villa Mondschein - Mieten Sie Ihre Ferien Villa in K\u00e4rnten\",\"isPartOf\":{\"@id\":\"https:\\\/\\\/villa-sonnata.nl\\\/en\\\/#website\"},\"primaryImageOfPage\":{\"@id\":\"https:\\\/\\\/villa-sonnata.nl\\\/de\\\/home\\\/kontakt\\\/#primaryimage\"},\"image\":{\"@id\":\"https:\\\/\\\/villa-sonnata.nl\\\/de\\\/home\\\/kontakt\\\/#primaryimage\"},\"thumbnailUrl\":\"http:\\\/\\\/www.villa-sonnata.nl\\\/wp-content\\\/uploads\\\/familie-bakker.jpg\",\"datePublished\":\"2011-10-27T18:59:14+00:00\",\"dateModified\":\"2016-12-12T10:40:22+00:00\",\"description\":\"Kontakt Information - telefon oder email uns, oder brauchen Sie das Webformular. Miete Ihre Ferien Villa in K\u00e4rnten\",\"breadcrumb\":{\"@id\":\"https:\\\/\\\/villa-sonnata.nl\\\/de\\\/home\\\/kontakt\\\/#breadcrumb\"},\"inLanguage\":\"de\",\"potentialAction\":[{\"@type\":\"ReadAction\",\"target\":[\"https:\\\/\\\/villa-sonnata.nl\\\/de\\\/home\\\/kontakt\\\/\"]}]},{\"@type\":\"ImageObject\",\"inLanguage\":\"de\",\"@id\":\"https:\\\/\\\/villa-sonnata.nl\\\/de\\\/home\\\/kontakt\\\/#primaryimage\",\"url\":\"http:\\\/\\\/www.villa-sonnata.nl\\\/wp-content\\\/uploads\\\/familie-bakker.jpg\",\"contentUrl\":\"http:\\\/\\\/www.villa-sonnata.nl\\\/wp-content\\\/uploads\\\/familie-bakker.jpg\"},{\"@type\":\"BreadcrumbList\",\"@id\":\"https:\\\/\\\/villa-sonnata.nl\\\/de\\\/home\\\/kontakt\\\/#breadcrumb\",\"itemListElement\":[{\"@type\":\"ListItem\",\"position\":1,\"name\":\"home\",\"item\":\"https:\\\/\\\/villa-sonnata.nl\\\/de\\\/\"},{\"@type\":\"ListItem\",\"position\":2,\"name\":\"Kontakt\"}]},{\"@type\":\"WebSite\",\"@id\":\"https:\\\/\\\/villa-sonnata.nl\\\/en\\\/#website\",\"url\":\"https:\\\/\\\/villa-sonnata.nl\\\/en\\\/\",\"name\":\"Villa Mondschein\",\"description\":\"Mieten Sie Ihre Ferien Villa in K\u00e4rnten\",\"potentialAction\":[{\"@type\":\"SearchAction\",\"target\":{\"@type\":\"EntryPoint\",\"urlTemplate\":\"https:\\\/\\\/villa-sonnata.nl\\\/en\\\/?s={search_term_string}\"},\"query-input\":{\"@type\":\"PropertyValueSpecification\",\"valueRequired\":true,\"valueName\":\"search_term_string\"}}],\"inLanguage\":\"de\"}]}<\/script>\n<!-- \/ Yoast SEO plugin. -->","yoast_head_json":{"title":"Kontakt - Villa Mondschein - Mieten Sie Ihre Ferien Villa in K\u00e4rnten","description":"Kontakt Information - telefon oder email uns, oder brauchen Sie das Webformular. Miete Ihre Ferien Villa in K\u00e4rnten","robots":{"index":"noindex","follow":"nofollow"},"og_locale":"de_DE","og_type":"article","og_title":"Kontakt - Villa Mondschein - Mieten Sie Ihre Ferien Villa in K\u00e4rnten","og_description":"Kontakt Information - telefon oder email uns, oder brauchen Sie das Webformular. Miete Ihre Ferien Villa in K\u00e4rnten","og_url":"https:\/\/villa-sonnata.nl\/de\/home\/kontakt\/","og_site_name":"Villa Mondschein","article_modified_time":"2016-12-12T10:40:22+00:00","og_image":[{"url":"http:\/\/www.villa-sonnata.nl\/wp-content\/uploads\/familie-bakker.jpg","type":"","width":"","height":""}],"schema":{"@context":"https:\/\/schema.org","@graph":[{"@type":"WebPage","@id":"https:\/\/villa-sonnata.nl\/de\/home\/kontakt\/","url":"https:\/\/villa-sonnata.nl\/de\/home\/kontakt\/","name":"Kontakt - Villa Mondschein - Mieten Sie Ihre Ferien Villa in K\u00e4rnten","isPartOf":{"@id":"https:\/\/villa-sonnata.nl\/en\/#website"},"primaryImageOfPage":{"@id":"https:\/\/villa-sonnata.nl\/de\/home\/kontakt\/#primaryimage"},"image":{"@id":"https:\/\/villa-sonnata.nl\/de\/home\/kontakt\/#primaryimage"},"thumbnailUrl":"http:\/\/www.villa-sonnata.nl\/wp-content\/uploads\/familie-bakker.jpg","datePublished":"2011-10-27T18:59:14+00:00","dateModified":"2016-12-12T10:40:22+00:00","description":"Kontakt Information - telefon oder email uns, oder brauchen Sie das Webformular. Miete Ihre Ferien Villa in K\u00e4rnten","breadcrumb":{"@id":"https:\/\/villa-sonnata.nl\/de\/home\/kontakt\/#breadcrumb"},"inLanguage":"de","potentialAction":[{"@type":"ReadAction","target":["https:\/\/villa-sonnata.nl\/de\/home\/kontakt\/"]}]},{"@type":"ImageObject","inLanguage":"de","@id":"https:\/\/villa-sonnata.nl\/de\/home\/kontakt\/#primaryimage","url":"http:\/\/www.villa-sonnata.nl\/wp-content\/uploads\/familie-bakker.jpg","contentUrl":"http:\/\/www.villa-sonnata.nl\/wp-content\/uploads\/familie-bakker.jpg"},{"@type":"BreadcrumbList","@id":"https:\/\/villa-sonnata.nl\/de\/home\/kontakt\/#breadcrumb","itemListElement":[{"@type":"ListItem","position":1,"name":"home","item":"https:\/\/villa-sonnata.nl\/de\/"},{"@type":"ListItem","position":2,"name":"Kontakt"}]},{"@type":"WebSite","@id":"https:\/\/villa-sonnata.nl\/en\/#website","url":"https:\/\/villa-sonnata.nl\/en\/","name":"Villa Mondschein","description":"Mieten Sie Ihre Ferien Villa in K\u00e4rnten","potentialAction":[{"@type":"SearchAction","target":{"@type":"EntryPoint","urlTemplate":"https:\/\/villa-sonnata.nl\/en\/?s={search_term_string}"},"query-input":{"@type":"PropertyValueSpecification","valueRequired":true,"valueName":"search_term_string"}}],"inLanguage":"de"}]}},"_links":{"self":[{"href":"https:\/\/villa-sonnata.nl\/de\/wp-json\/wp\/v2\/pages\/284","targetHints":{"allow":["GET"]}}],"collection":[{"href":"https:\/\/villa-sonnata.nl\/de\/wp-json\/wp\/v2\/pages"}],"about":[{"href":"https:\/\/villa-sonnata.nl\/de\/wp-json\/wp\/v2\/types\/page"}],"author":[{"embeddable":true,"href":"https:\/\/villa-sonnata.nl\/de\/wp-json\/wp\/v2\/users\/3"}],"replies":[{"embeddable":true,"href":"https:\/\/villa-sonnata.nl\/de\/wp-json\/wp\/v2\/comments?post=284"}],"version-history":[{"count":11,"href":"https:\/\/villa-sonnata.nl\/de\/wp-json\/wp\/v2\/pages\/284\/revisions"}],"predecessor-version":[{"id":1156,"href":"https:\/\/villa-sonnata.nl\/de\/wp-json\/wp\/v2\/pages\/284\/revisions\/1156"}],"up":[{"embeddable":true,"href":"https:\/\/villa-sonnata.nl\/de\/wp-json\/wp\/v2\/pages\/895"}],"wp:attachment":[{"href":"https:\/\/villa-sonnata.nl\/de\/wp-json\/wp\/v2\/media?parent=284"}],"curies":[{"name":"wp","href":"https:\/\/api.w.org\/{rel}","templated":true}]}}