{"id":306,"date":"2011-10-27T19:46:03","date_gmt":"2011-10-27T17:46:03","guid":{"rendered":"http:\/\/localhost\/KWOklant\/home-2\/"},"modified":"2016-11-30T16:23:06","modified_gmt":"2016-11-30T15:23:06","slug":"willkommen","status":"publish","type":"page","link":"https:\/\/villa-sonnata.nl\/de\/home\/willkommen\/","title":{"rendered":"Willkommen"},"content":{"rendered":"<h3>SONNATA.<\/h3>\n<h3>SORGLOS.<\/h3>\n<h3>GENIESSEN.<\/h3>\n<p><!--\n[su_row]\n[su_column size=\"1\/2\"]Es ist ein rechtartig sch\u00f6nes Ort in K\u00e4rnten, im s\u00fcden \u00d6sterreiches, ganz nah zum italienischer Grenz. Nur 8 Stunden fahren von Utrecht (Niederl\u00e4nde) ist es der ideale Ferienort! Am Winter gibt's immer Schnee, und spazieren sie zum Skipiste. Am Sommer ist es sehr angenehm warm und durchsonnt, und kan mann spazieren in die Umgebung: gr\u00fcne Berge und Tale, D\u00f6rfchen besuchen, oder die Grenz \u00fcbergehen und Italien oder Slowenien besuchen.\n[\/su_column]\n[su_column size=\"1\/2\"]\n\n<div class=\"text\">\nIn dieser fantastischer Ort bieten wir unsere Ferienvilla an. Sehr luxuri\u00f6s eingerichtet, w\u00fcrden Sie hier ein herrlichen und onbesorgten Urlaub haben! M\u00f6chten Sie mehr wissen? Schau den Fotos an, lesen Sie mehr \u00fcber der Villa und die Umgebung, schauen sie sich die Preisen and und reservieren sie Ihren idealen Ferienort! Sie k\u00f6nnen uns nat\u00fcrlich auch anrufen oder ein E-mail schicken wann Sie mehr Information haben m\u00f6chten!\nSehen wir Sie bald in K\u00f6tschach-Mauthen?\n[\/su_column]\n[\/su_row]\n\n--><\/p>\n","protected":false},"excerpt":{"rendered":"SONNATA. SORGLOS. GENIESSEN.","protected":false},"author":3,"featured_media":0,"parent":895,"menu_order":0,"comment_status":"closed","ping_status":"closed","template":"","meta":{"_monsterinsights_skip_tracking":false,"_monsterinsights_sitenote_active":false,"_monsterinsights_sitenote_note":"","_monsterinsights_sitenote_category":0,"_glsr_average":0,"_glsr_ranking":0,"_glsr_reviews":0,"footnotes":""},"tags":[],"class_list":["post-306","page","type-page","status-publish","hentry"],"yoast_head":"<!-- This site is optimized with the Yoast SEO plugin v27.3 - https:\/\/yoast.com\/product\/yoast-seo-wordpress\/ -->\n<title>Willkommen - Villa Mondschein - Mieten Sie Ihre Ferien Villa in K\u00e4rnten<\/title>\n<meta name=\"description\" content=\"Willkomen bei Villa K\u00e4rnten | Mieten Sie Ihre Ferien Villa in K\u00e4rnten, f\u00fcr eine wundersch\u00f6nes Urlaub!\" \/>\n<meta name=\"robots\" content=\"noindex, nofollow\" \/>\n<meta property=\"og:locale\" content=\"de_DE\" \/>\n<meta property=\"og:type\" content=\"article\" \/>\n<meta property=\"og:title\" content=\"Willkommen - Villa Mondschein - Mieten Sie Ihre Ferien Villa in K\u00e4rnten\" \/>\n<meta property=\"og:description\" content=\"Willkomen bei Villa K\u00e4rnten | Mieten Sie Ihre Ferien Villa in K\u00e4rnten, f\u00fcr eine wundersch\u00f6nes Urlaub!\" \/>\n<meta property=\"og:url\" content=\"https:\/\/villa-sonnata.nl\/de\/home\/willkommen\/\" \/>\n<meta property=\"og:site_name\" content=\"Villa Mondschein\" \/>\n<meta property=\"article:modified_time\" content=\"2016-11-30T15:23:06+00:00\" \/>\n<script type=\"application\/ld+json\" class=\"yoast-schema-graph\">{\"@context\":\"https:\\\/\\\/schema.org\",\"@graph\":[{\"@type\":\"WebPage\",\"@id\":\"https:\\\/\\\/villa-sonnata.nl\\\/de\\\/home\\\/willkommen\\\/\",\"url\":\"https:\\\/\\\/villa-sonnata.nl\\\/de\\\/home\\\/willkommen\\\/\",\"name\":\"Willkommen - Villa Mondschein - Mieten Sie Ihre Ferien Villa in K\u00e4rnten\",\"isPartOf\":{\"@id\":\"https:\\\/\\\/villa-sonnata.nl\\\/en\\\/#website\"},\"datePublished\":\"2011-10-27T17:46:03+00:00\",\"dateModified\":\"2016-11-30T15:23:06+00:00\",\"description\":\"Willkomen bei Villa K\u00e4rnten | Mieten Sie Ihre Ferien Villa in K\u00e4rnten, f\u00fcr eine wundersch\u00f6nes Urlaub!\",\"breadcrumb\":{\"@id\":\"https:\\\/\\\/villa-sonnata.nl\\\/de\\\/home\\\/willkommen\\\/#breadcrumb\"},\"inLanguage\":\"de\",\"potentialAction\":[{\"@type\":\"ReadAction\",\"target\":[\"https:\\\/\\\/villa-sonnata.nl\\\/de\\\/home\\\/willkommen\\\/\"]}]},{\"@type\":\"BreadcrumbList\",\"@id\":\"https:\\\/\\\/villa-sonnata.nl\\\/de\\\/home\\\/willkommen\\\/#breadcrumb\",\"itemListElement\":[{\"@type\":\"ListItem\",\"position\":1,\"name\":\"home\",\"item\":\"https:\\\/\\\/villa-sonnata.nl\\\/de\\\/\"},{\"@type\":\"ListItem\",\"position\":2,\"name\":\"Willkommen\"}]},{\"@type\":\"WebSite\",\"@id\":\"https:\\\/\\\/villa-sonnata.nl\\\/en\\\/#website\",\"url\":\"https:\\\/\\\/villa-sonnata.nl\\\/en\\\/\",\"name\":\"Villa Mondschein\",\"description\":\"Mieten Sie Ihre Ferien Villa in K\u00e4rnten\",\"potentialAction\":[{\"@type\":\"SearchAction\",\"target\":{\"@type\":\"EntryPoint\",\"urlTemplate\":\"https:\\\/\\\/villa-sonnata.nl\\\/en\\\/?s={search_term_string}\"},\"query-input\":{\"@type\":\"PropertyValueSpecification\",\"valueRequired\":true,\"valueName\":\"search_term_string\"}}],\"inLanguage\":\"de\"}]}<\/script>\n<!-- \/ Yoast SEO plugin. -->","yoast_head_json":{"title":"Willkommen - Villa Mondschein - Mieten Sie Ihre Ferien Villa in K\u00e4rnten","description":"Willkomen bei Villa K\u00e4rnten | Mieten Sie Ihre Ferien Villa in K\u00e4rnten, f\u00fcr eine wundersch\u00f6nes Urlaub!","robots":{"index":"noindex","follow":"nofollow"},"og_locale":"de_DE","og_type":"article","og_title":"Willkommen - Villa Mondschein - Mieten Sie Ihre Ferien Villa in K\u00e4rnten","og_description":"Willkomen bei Villa K\u00e4rnten | Mieten Sie Ihre Ferien Villa in K\u00e4rnten, f\u00fcr eine wundersch\u00f6nes Urlaub!","og_url":"https:\/\/villa-sonnata.nl\/de\/home\/willkommen\/","og_site_name":"Villa Mondschein","article_modified_time":"2016-11-30T15:23:06+00:00","schema":{"@context":"https:\/\/schema.org","@graph":[{"@type":"WebPage","@id":"https:\/\/villa-sonnata.nl\/de\/home\/willkommen\/","url":"https:\/\/villa-sonnata.nl\/de\/home\/willkommen\/","name":"Willkommen - Villa Mondschein - Mieten Sie Ihre Ferien Villa in K\u00e4rnten","isPartOf":{"@id":"https:\/\/villa-sonnata.nl\/en\/#website"},"datePublished":"2011-10-27T17:46:03+00:00","dateModified":"2016-11-30T15:23:06+00:00","description":"Willkomen bei Villa K\u00e4rnten | Mieten Sie Ihre Ferien Villa in K\u00e4rnten, f\u00fcr eine wundersch\u00f6nes Urlaub!","breadcrumb":{"@id":"https:\/\/villa-sonnata.nl\/de\/home\/willkommen\/#breadcrumb"},"inLanguage":"de","potentialAction":[{"@type":"ReadAction","target":["https:\/\/villa-sonnata.nl\/de\/home\/willkommen\/"]}]},{"@type":"BreadcrumbList","@id":"https:\/\/villa-sonnata.nl\/de\/home\/willkommen\/#breadcrumb","itemListElement":[{"@type":"ListItem","position":1,"name":"home","item":"https:\/\/villa-sonnata.nl\/de\/"},{"@type":"ListItem","position":2,"name":"Willkommen"}]},{"@type":"WebSite","@id":"https:\/\/villa-sonnata.nl\/en\/#website","url":"https:\/\/villa-sonnata.nl\/en\/","name":"Villa Mondschein","description":"Mieten Sie Ihre Ferien Villa in K\u00e4rnten","potentialAction":[{"@type":"SearchAction","target":{"@type":"EntryPoint","urlTemplate":"https:\/\/villa-sonnata.nl\/en\/?s={search_term_string}"},"query-input":{"@type":"PropertyValueSpecification","valueRequired":true,"valueName":"search_term_string"}}],"inLanguage":"de"}]}},"_links":{"self":[{"href":"https:\/\/villa-sonnata.nl\/de\/wp-json\/wp\/v2\/pages\/306","targetHints":{"allow":["GET"]}}],"collection":[{"href":"https:\/\/villa-sonnata.nl\/de\/wp-json\/wp\/v2\/pages"}],"about":[{"href":"https:\/\/villa-sonnata.nl\/de\/wp-json\/wp\/v2\/types\/page"}],"author":[{"embeddable":true,"href":"https:\/\/villa-sonnata.nl\/de\/wp-json\/wp\/v2\/users\/3"}],"replies":[{"embeddable":true,"href":"https:\/\/villa-sonnata.nl\/de\/wp-json\/wp\/v2\/comments?post=306"}],"version-history":[{"count":10,"href":"https:\/\/villa-sonnata.nl\/de\/wp-json\/wp\/v2\/pages\/306\/revisions"}],"predecessor-version":[{"id":975,"href":"https:\/\/villa-sonnata.nl\/de\/wp-json\/wp\/v2\/pages\/306\/revisions\/975"}],"up":[{"embeddable":true,"href":"https:\/\/villa-sonnata.nl\/de\/wp-json\/wp\/v2\/pages\/895"}],"wp:attachment":[{"href":"https:\/\/villa-sonnata.nl\/de\/wp-json\/wp\/v2\/media?parent=306"}],"wp:term":[{"taxonomy":"post_tag","embeddable":true,"href":"https:\/\/villa-sonnata.nl\/de\/wp-json\/wp\/v2\/tags?post=306"}],"curies":[{"name":"wp","href":"https:\/\/api.w.org\/{rel}","templated":true}]}}