{"id":895,"date":"2016-09-15T14:09:03","date_gmt":"2016-09-15T12:09:03","guid":{"rendered":"http:\/\/www.villa-sonnata.nl\/de\/welkom\/"},"modified":"2016-12-12T23:14:09","modified_gmt":"2016-12-12T22:14:09","slug":"home","status":"publish","type":"page","link":"https:\/\/villa-sonnata.nl\/de\/","title":{"rendered":"home"},"content":{"rendered":"","protected":false},"excerpt":{"rendered":"","protected":false},"author":3,"featured_media":0,"parent":0,"menu_order":0,"comment_status":"closed","ping_status":"closed","template":"page-onepage-2020.php","meta":{"_monsterinsights_skip_tracking":false,"_monsterinsights_sitenote_active":false,"_monsterinsights_sitenote_note":"","_monsterinsights_sitenote_category":0,"_glsr_average":0,"_glsr_ranking":0,"_glsr_reviews":0,"footnotes":""},"tags":[33,28,27,26,35,29,30,17,31,15],"class_list":["post-895","page","type-page","status-publish","hentry","tag-6-persone","tag-ferien","tag-ferien-haus","tag-ferien-villa","tag-gailtal","tag-haus","tag-karnten","tag-kotschach","tag-osterreich","tag-villa"],"yoast_head":"<!-- This site is optimized with the Yoast SEO plugin v27.5 - https:\/\/yoast.com\/product\/yoast-seo-wordpress\/ -->\n<title>home - Villa Mondschein - Mieten Sie Ihre Ferien Villa in K\u00e4rnten<\/title>\n<meta name=\"description\" content=\"Zu mieten: unsere luxuri\u00f6se Ferien Villa in sch\u00f6nes K\u00e4rnten! Sehr nah Italien und Slovenien, Ski pistes und Aktivit\u00e4ten.\" \/>\n<meta name=\"robots\" content=\"index, follow, max-snippet:-1, max-image-preview:large, max-video-preview:-1\" \/>\n<link rel=\"canonical\" href=\"https:\/\/villa-sonnata.nl\/de\/\" \/>\n<meta property=\"og:locale\" content=\"de_DE\" \/>\n<meta property=\"og:type\" content=\"article\" \/>\n<meta property=\"og:title\" content=\"home - Villa Mondschein - Mieten Sie Ihre Ferien Villa in K\u00e4rnten\" \/>\n<meta property=\"og:description\" content=\"Zu mieten: unsere luxuri\u00f6se Ferien Villa in sch\u00f6nes K\u00e4rnten! Sehr nah Italien und Slovenien, Ski pistes und Aktivit\u00e4ten.\" \/>\n<meta property=\"og:url\" content=\"https:\/\/villa-sonnata.nl\/de\/\" \/>\n<meta property=\"og:site_name\" content=\"Villa Mondschein\" \/>\n<meta property=\"article:modified_time\" content=\"2016-12-12T22:14:09+00:00\" \/>\n<script type=\"application\/ld+json\" class=\"yoast-schema-graph\">{\"@context\":\"https:\\\/\\\/schema.org\",\"@graph\":[{\"@type\":\"WebPage\",\"@id\":\"https:\\\/\\\/villa-sonnata.nl\\\/de\\\/\",\"url\":\"https:\\\/\\\/villa-sonnata.nl\\\/de\\\/\",\"name\":\"home - Villa Mondschein - Mieten Sie Ihre Ferien Villa in K\u00e4rnten\",\"isPartOf\":{\"@id\":\"https:\\\/\\\/villa-sonnata.nl\\\/en\\\/#website\"},\"datePublished\":\"2016-09-15T12:09:03+00:00\",\"dateModified\":\"2016-12-12T22:14:09+00:00\",\"description\":\"Zu mieten: unsere luxuri\u00f6se Ferien Villa in sch\u00f6nes K\u00e4rnten! Sehr nah Italien und Slovenien, Ski pistes und Aktivit\u00e4ten.\",\"inLanguage\":\"de\",\"potentialAction\":[{\"@type\":\"ReadAction\",\"target\":[\"https:\\\/\\\/villa-sonnata.nl\\\/de\\\/\"]}]},{\"@type\":\"WebSite\",\"@id\":\"https:\\\/\\\/villa-sonnata.nl\\\/en\\\/#website\",\"url\":\"https:\\\/\\\/villa-sonnata.nl\\\/en\\\/\",\"name\":\"Villa Mondschein\",\"description\":\"Mieten Sie Ihre Ferien Villa in K\u00e4rnten\",\"potentialAction\":[{\"@type\":\"SearchAction\",\"target\":{\"@type\":\"EntryPoint\",\"urlTemplate\":\"https:\\\/\\\/villa-sonnata.nl\\\/en\\\/?s={search_term_string}\"},\"query-input\":{\"@type\":\"PropertyValueSpecification\",\"valueRequired\":true,\"valueName\":\"search_term_string\"}}],\"inLanguage\":\"de\"}]}<\/script>\n<!-- \/ Yoast SEO plugin. -->","yoast_head_json":{"title":"home - Villa Mondschein - Mieten Sie Ihre Ferien Villa in K\u00e4rnten","description":"Zu mieten: unsere luxuri\u00f6se Ferien Villa in sch\u00f6nes K\u00e4rnten! Sehr nah Italien und Slovenien, Ski pistes und Aktivit\u00e4ten.","robots":{"index":"index","follow":"follow","max-snippet":"max-snippet:-1","max-image-preview":"max-image-preview:large","max-video-preview":"max-video-preview:-1"},"canonical":"https:\/\/villa-sonnata.nl\/de\/","og_locale":"de_DE","og_type":"article","og_title":"home - Villa Mondschein - Mieten Sie Ihre Ferien Villa in K\u00e4rnten","og_description":"Zu mieten: unsere luxuri\u00f6se Ferien Villa in sch\u00f6nes K\u00e4rnten! Sehr nah Italien und Slovenien, Ski pistes und Aktivit\u00e4ten.","og_url":"https:\/\/villa-sonnata.nl\/de\/","og_site_name":"Villa Mondschein","article_modified_time":"2016-12-12T22:14:09+00:00","schema":{"@context":"https:\/\/schema.org","@graph":[{"@type":"WebPage","@id":"https:\/\/villa-sonnata.nl\/de\/","url":"https:\/\/villa-sonnata.nl\/de\/","name":"home - Villa Mondschein - Mieten Sie Ihre Ferien Villa in K\u00e4rnten","isPartOf":{"@id":"https:\/\/villa-sonnata.nl\/en\/#website"},"datePublished":"2016-09-15T12:09:03+00:00","dateModified":"2016-12-12T22:14:09+00:00","description":"Zu mieten: unsere luxuri\u00f6se Ferien Villa in sch\u00f6nes K\u00e4rnten! Sehr nah Italien und Slovenien, Ski pistes und Aktivit\u00e4ten.","inLanguage":"de","potentialAction":[{"@type":"ReadAction","target":["https:\/\/villa-sonnata.nl\/de\/"]}]},{"@type":"WebSite","@id":"https:\/\/villa-sonnata.nl\/en\/#website","url":"https:\/\/villa-sonnata.nl\/en\/","name":"Villa Mondschein","description":"Mieten Sie Ihre Ferien Villa in K\u00e4rnten","potentialAction":[{"@type":"SearchAction","target":{"@type":"EntryPoint","urlTemplate":"https:\/\/villa-sonnata.nl\/en\/?s={search_term_string}"},"query-input":{"@type":"PropertyValueSpecification","valueRequired":true,"valueName":"search_term_string"}}],"inLanguage":"de"}]}},"_links":{"self":[{"href":"https:\/\/villa-sonnata.nl\/de\/wp-json\/wp\/v2\/pages\/895","targetHints":{"allow":["GET"]}}],"collection":[{"href":"https:\/\/villa-sonnata.nl\/de\/wp-json\/wp\/v2\/pages"}],"about":[{"href":"https:\/\/villa-sonnata.nl\/de\/wp-json\/wp\/v2\/types\/page"}],"author":[{"embeddable":true,"href":"https:\/\/villa-sonnata.nl\/de\/wp-json\/wp\/v2\/users\/3"}],"replies":[{"embeddable":true,"href":"https:\/\/villa-sonnata.nl\/de\/wp-json\/wp\/v2\/comments?post=895"}],"version-history":[{"count":2,"href":"https:\/\/villa-sonnata.nl\/de\/wp-json\/wp\/v2\/pages\/895\/revisions"}],"predecessor-version":[{"id":911,"href":"https:\/\/villa-sonnata.nl\/de\/wp-json\/wp\/v2\/pages\/895\/revisions\/911"}],"wp:attachment":[{"href":"https:\/\/villa-sonnata.nl\/de\/wp-json\/wp\/v2\/media?parent=895"}],"wp:term":[{"taxonomy":"post_tag","embeddable":true,"href":"https:\/\/villa-sonnata.nl\/de\/wp-json\/wp\/v2\/tags?post=895"}],"curies":[{"name":"wp","href":"https:\/\/api.w.org\/{rel}","templated":true}]}}